{"id":7901,"date":"2025-02-17T10:02:30","date_gmt":"2025-02-17T15:02:30","guid":{"rendered":"https:\/\/fraternidadmedellin.org\/?page_id=7901"},"modified":"2026-03-27T15:50:06","modified_gmt":"2026-03-27T20:50:06","slug":"ayudar-a-ayudar","status":"publish","type":"page","link":"https:\/\/fraternidadmedellin.org\/en\/ayudar-a-ayudar\/","title":{"rendered":"Helping Those Who Help"},"content":{"rendered":"<div data-elementor-type=\"wp-page\" data-elementor-id=\"7901\" class=\"elementor elementor-7901\" data-elementor-post-type=\"page\">\n\t\t\t\t\t\t<section class=\"elementor-section elementor-top-section elementor-element elementor-element-969af8b elementor-section-height-min-height elementor-section-content-middle elementor-section-boxed elementor-section-height-default elementor-section-items-middle\" data-id=\"969af8b\" data-element_type=\"section\" data-e-type=\"section\" data-settings=\"{&quot;jet_parallax_layout_list&quot;:[],&quot;background_background&quot;:&quot;classic&quot;}\">\n\t\t\t\t\t\t\t<div class=\"elementor-background-overlay\"><\/div>\n\t\t\t\t\t\t\t<div class=\"elementor-container elementor-column-gap-default\">\n\t\t\t\t\t<div class=\"elementor-column elementor-col-100 elementor-top-column elementor-element elementor-element-5880e2c\" data-id=\"5880e2c\" data-element_type=\"column\" data-e-type=\"column\">\n\t\t\t<div class=\"elementor-widget-wrap elementor-element-populated\">\n\t\t\t\t\t\t<section class=\"elementor-section elementor-inner-section elementor-element elementor-element-043a639 elementor-section-boxed elementor-section-height-default elementor-section-height-default\" data-id=\"043a639\" data-element_type=\"section\" data-e-type=\"section\" data-settings=\"{&quot;jet_parallax_layout_list&quot;:[]}\">\n\t\t\t\t\t\t<div class=\"elementor-container elementor-column-gap-default\">\n\t\t\t\t\t<div class=\"elementor-column elementor-col-50 elementor-inner-column elementor-element elementor-element-f3efb75\" data-id=\"f3efb75\" data-element_type=\"column\" data-e-type=\"column\">\n\t\t\t<div class=\"elementor-widget-wrap elementor-element-populated\">\n\t\t\t\t\t\t<div class=\"elementor-element elementor-element-c096186 elementor-widget elementor-widget-heading\" data-id=\"c096186\" data-element_type=\"widget\" data-e-type=\"widget\" data-widget_type=\"heading.default\">\n\t\t\t\t<div class=\"elementor-widget-container\">\n\t\t\t\t\t<h2 class=\"elementor-heading-title elementor-size-default\">Helping Those Who Help<\/h2>\t\t\t\t<\/div>\n\t\t\t\t<\/div>\n\t\t\t\t<div class=\"elementor-element elementor-element-e278b5a elementor-widget elementor-widget-text-editor\" data-id=\"e278b5a\" data-element_type=\"widget\" data-e-type=\"widget\" data-widget_type=\"text-editor.default\">\n\t\t\t\t<div class=\"elementor-widget-container\">\n\t\t\t\t\t\t\t\t\t<p><span data-contrast=\"auto\">We provide financial and technical support to social organizations and institutions in Antioquia that are already focused on addressing the basic needs of individuals. \nOur goal is to strengthen these organizations and enhance their ability to create impact and drive development for the benefit of society.<\/span><\/p>\t\t\t\t\t\t\t\t<\/div>\n\t\t\t\t<\/div>\n\t\t\t\t\t<\/div>\n\t\t<\/div>\n\t\t\t\t<div class=\"elementor-column elementor-col-50 elementor-inner-column elementor-element elementor-element-9b6c991\" data-id=\"9b6c991\" data-element_type=\"column\" data-e-type=\"column\">\n\t\t\t<div class=\"elementor-widget-wrap elementor-element-populated\">\n\t\t\t\t\t\t<div class=\"elementor-element elementor-element-6cdeb65 elementor-widget elementor-widget-heading\" data-id=\"6cdeb65\" data-element_type=\"widget\" data-e-type=\"widget\" data-widget_type=\"heading.default\">\n\t\t\t\t<div class=\"elementor-widget-container\">\n\t\t\t\t\t<h2 class=\"elementor-heading-title elementor-size-default\">Total Entities<\/h2>\t\t\t\t<\/div>\n\t\t\t\t<\/div>\n\t\t\t\t<div class=\"elementor-element elementor-element-0430fd7 elementor-widget elementor-widget-counter\" data-id=\"0430fd7\" data-element_type=\"widget\" data-e-type=\"widget\" data-widget_type=\"counter.default\">\n\t\t\t\t<div class=\"elementor-widget-container\">\n\t\t\t\t\t\t\t<div class=\"elementor-counter\">\n\t\t\t\t\t\t<div class=\"elementor-counter-number-wrapper\">\n\t\t\t\t<span class=\"elementor-counter-number-prefix\"><\/span>\n\t\t\t\t<span class=\"elementor-counter-number\" data-duration=\"3000\" data-to-value=\"118\" data-from-value=\"0\" data-delimiter=\",\">0<\/span>\n\t\t\t\t<span class=\"elementor-counter-number-suffix\"><\/span>\n\t\t\t<\/div>\n\t\t<\/div>\n\t\t\t\t\t\t<\/div>\n\t\t\t\t<\/div>\n\t\t\t\t\t<\/div>\n\t\t<\/div>\n\t\t\t\t\t<\/div>\n\t\t<\/section>\n\t\t\t\t\t<\/div>\n\t\t<\/div>\n\t\t\t\t\t<\/div>\n\t\t<\/section>\n\t\t<div class=\"elementor-element elementor-element-abd6855 e-flex e-con-boxed e-con e-parent\" data-id=\"abd6855\" data-element_type=\"container\" data-e-type=\"container\" data-settings=\"{&quot;jet_parallax_layout_list&quot;:[],&quot;background_background&quot;:&quot;classic&quot;}\">\n\t\t\t\t\t<div class=\"e-con-inner\">\n\t\t<div class=\"elementor-element elementor-element-dfad463 e-flex e-con-boxed e-con e-child\" data-id=\"dfad463\" data-element_type=\"container\" data-e-type=\"container\" data-settings=\"{&quot;jet_parallax_layout_list&quot;:[]}\">\n\t\t\t\t\t<div class=\"e-con-inner\">\n\t\t\t\t<div class=\"elementor-element elementor-element-b281cf9 elementor-widget elementor-widget-heading\" data-id=\"b281cf9\" data-element_type=\"widget\" data-e-type=\"widget\" data-widget_type=\"heading.default\">\n\t\t\t\t<div class=\"elementor-widget-container\">\n\t\t\t\t\t<h2 class=\"elementor-heading-title elementor-size-default\">The supported entities are:\u00a0<\/h2>\t\t\t\t<\/div>\n\t\t\t\t<\/div>\n\t\t<div class=\"elementor-element elementor-element-cf4ad48 e-con-full e-flex e-con e-child\" data-id=\"cf4ad48\" data-element_type=\"container\" data-e-type=\"container\" data-settings=\"{&quot;jet_parallax_layout_list&quot;:[]}\">\n\t\t<div class=\"elementor-element elementor-element-2502eb7 e-con-full e-flex e-con e-child\" data-id=\"2502eb7\" data-element_type=\"container\" data-e-type=\"container\" data-settings=\"{&quot;jet_parallax_layout_list&quot;:[]}\">\n\t\t\t\t<div class=\"elementor-element elementor-element-fe4a737 elementor-widget elementor-widget-text-editor\" data-id=\"fe4a737\" data-element_type=\"widget\" data-e-type=\"widget\" data-widget_type=\"text-editor.default\">\n\t\t\t\t<div class=\"elementor-widget-container\">\n\t\t\t\t\t\t\t\t\t<ul><li>Asociaci\u00f3n Amigos con Calor Humano<\/li><li>Casa del Buen Dios<\/li><li>Cl\u00ednica Cardio Vid<\/li><li>Corporaci\u00f3n de Innovaci\u00f3n para El Desarrollo de Productos Contra Enfermedades Tropicales<\/li><li>Corporaci\u00f3n Un Ser Feliz<\/li><li>El Comit\u00e9 de Rehabilitaci\u00f3n de Antioquia<\/li><li>Fundaci\u00f3n Cl\u00ednica Noel<\/li><li>Fundaci\u00f3n Con Amor por Amor<\/li><li>Fundaci\u00f3n Esperanza para Ver<\/li><li>Fundaci\u00f3n Hospital Infantil Santa Ana<\/li><li>Fundaci\u00f3n Hospitalaria San Vicente de Paul<\/li><li>Fundaci\u00f3n Integrar<\/li><li>Fundaci\u00f3n IQ Te Quiere<\/li><li>Fundaci\u00f3n M\u00f3nica Uribe Por Amor<\/li><li>Fundaci\u00f3n Patronato Mar\u00eda Auxiliadora<\/li><li>Fundaci\u00f3n Universidad Pontificia Bolivariana<\/li><li>Fundaci\u00f3n Uno Mas Uno<\/li><li>Hospital Pablo Tob\u00f3n Uribe<\/li><li>Hospital San Juan de Dios<\/li><li>Patrulla A\u00e9rea Colombiana &#8211; Antioquia<\/li><li>Asociaci\u00f3n Cultural Ballet Metropolitano de Medell\u00edn<\/li><li>Asociaci\u00f3n de Amigos Museo Maja<\/li><li>Asociaci\u00f3n Peque\u00f1o Teatro de Medell\u00edn<\/li><li>Corporaci\u00f3n Ballet Folkl\u00f3rico de Antioquia<\/li><li>Corporaci\u00f3n Cantoalegre<\/li><li>Corporaci\u00f3n Com\u00fan y Corriente<\/li><li>Corporaci\u00f3n Cultural Academia de Baile Uni\u00f3n Latina<\/li><li>Corporaci\u00f3n Cultural Canchimalos<\/li><li>Corporaci\u00f3n Cultural Nuestra Gente<\/li><li>Corporaci\u00f3n Cultural Pasi\u00f3n y Coraz\u00f3n<\/li><li>Corporaci\u00f3n Cultural y Art\u00edstica Elements<\/li><li>Corporaci\u00f3n El Balc\u00f3n de los Artistas<\/li><li>Corporaci\u00f3n Escuela de M\u00fasica Jard\u00edn<\/li><li>Corporaci\u00f3n Fernando Gonz\u00e1lez &#8211; Otraparte<\/li><li>Corporaci\u00f3n Museo de Arte Moderno de Medell\u00edn<\/li><li>Corporaci\u00f3n Orquesta Filarm\u00f3nica de Medell\u00edn<\/li><li>Corporaci\u00f3n Parque Explora<\/li><li>Fundaci\u00f3n Casa de Las Estrategias<\/li><li>Fundaci\u00f3n Casa Museo Maestro Pedro Nel G\u00f3mez<\/li><li>Fundaci\u00f3n Incolmotos Yamaha<\/li><li>Fundaci\u00f3n Oasis Urbano<\/li><li>Fundaci\u00f3n Pablo Tob\u00f3n Uribe<\/li><li>Fundaci\u00f3n Proantioquia<\/li><li>Fundaci\u00f3n Prol\u00edrica de Antioquia<\/li><li>Fundaci\u00f3n Rat\u00f3n de Biblioteca<\/li><li>Fundaci\u00f3n Sirenaica<\/li><li>La Corporaci\u00f3n Escuela de M\u00fasica del Municipio de Ciudad Bol\u00edvar Antioquia<\/li><li>Museo de Antioquia<\/li><li>Orquesta Sinf\u00f3nica de Antioquia<\/li><li>Corporaci\u00f3n Educativa Nueva Visi\u00f3n Convisi\u00f3n<\/li><li>Corporaci\u00f3n Dulazar Provivienda Digna<\/li><li>Ej\u00e9rcito Nacional de Colombia<\/li><li>Fundaci\u00f3n Apostolado La Aguja<\/li><li>Fundaci\u00f3n Argos<\/li><li>Instituci\u00f3n Social de Ayuda para Vivienda<\/li><li>Academia Colombiana de Ciencias Exactas F\u00edsicas Y Naturales<\/li><li>Asociaci\u00f3n Cultural El Nido de Las Golondrinas<\/li><li>Club Deportivo Formas Intimas<\/li><li>Comit\u00e9 Privado de Asistencia a La Ni\u00f1ez Pan<\/li><li>Corporaci\u00f3n Correcaminos<\/li><li>Corporaci\u00f3n Educativa y Cultural Motete<\/li><li>Comit\u00e9 Privado de Asistencia a La Ni\u00f1ez Pan<\/li><\/ul>\t\t\t\t\t\t\t\t<\/div>\n\t\t\t\t<\/div>\n\t\t\t\t<\/div>\n\t\t<div class=\"elementor-element elementor-element-e86d8a7 e-con-full e-flex e-con e-child\" data-id=\"e86d8a7\" data-element_type=\"container\" data-e-type=\"container\" data-settings=\"{&quot;jet_parallax_layout_list&quot;:[]}\">\n\t\t\t\t<div class=\"elementor-element elementor-element-ddc4467 elementor-widget elementor-widget-text-editor\" data-id=\"ddc4467\" data-element_type=\"widget\" data-e-type=\"widget\" data-widget_type=\"text-editor.default\">\n\t\t\t\t<div class=\"elementor-widget-container\">\n\t\t\t\t\t\t\t\t\t<ul><li>Corporaci\u00f3n Correcaminos<\/li><li>Corporaci\u00f3n Educativa y Cultural Motete<\/li><li>Corporaci\u00f3n Rural Laboratorio del Esp\u00edritu<\/li><li>Corporaci\u00f3n San Luis<\/li><li>Fundaci\u00f3n Antonio Restrepo Barco<\/li><li>Fundaci\u00f3n Casa Tres Patios<\/li><li>Fundaci\u00f3n Club Campestre<\/li><li>Fundaci\u00f3n Conconcreto<\/li><li>Fundaci\u00f3n Dame La Mano<\/li><li>Fundaci\u00f3n Encesta Tus Sue\u00f1os<\/li><li>Fundaci\u00f3n Hogares Claret<\/li><li>Fundaci\u00f3n Juan Felipe G\u00f3mez Escobar<\/li><li>Fundaci\u00f3n Los 8 Valores<\/li><li>Fundaci\u00f3n Organizaci\u00f3n Vid<\/li><li>Fundaci\u00f3n para El Bienestar Humano<\/li><li>Fundaci\u00f3n Rat\u00f3n de Biblioteca<\/li><li>Fundaci\u00f3n Secretos para Contar<\/li><li>Fundaci\u00f3n Sue\u00f1os por Colombia<\/li><li>Fundaci\u00f3n Todos Podemos Ayudar<\/li><li>Presencia Colombo Suiza<\/li><li>Universidad Cat\u00f3lica De Oriente<\/li><li>Acarp\u00cdn Hogar de Ni\u00f1ez y Juventud<\/li><li>Casa de Nuestra Se\u00f1ora de Chiquinquir\u00e1<\/li><li>Casa Mama Margarita<\/li><li>Comit\u00e9 Privado de Asistencia a La Ni\u00f1ez PAN<\/li><li>Corporaci\u00f3n Hogar<\/li><li>Corporaci\u00f3n Superarse<\/li><li>Fundaci\u00f3n Gente Unida<\/li><li>Fundaci\u00f3n Transformasi\u00f3n Internacional<\/li><li>Fundaci\u00f3n Valorat<\/li><li>Granjas Infantiles de Jes\u00fas Obrero<\/li><li>Hermanas Peque\u00f1as Ap\u00f3stoles de La Redenci\u00f3n<\/li><li>Hogares de Acogida Bel\u00e9n<\/li><li>Hogares Infantiles San Jos\u00e9<\/li><li>Asociaci\u00f3n de Ingenieros Egresados de La Facultad de Minas<\/li><li>Fundaci\u00f3n Banco Arquidiocesano de Alimentos de Medell\u00edn<\/li><li>Fundaci\u00f3n Pascual Bravo<\/li><li>Fundaci\u00f3n Saciar, Banco de Alimentos<\/li><li>Fundaci\u00f3n Universidad de Antioquia<\/li><li>Fundaci\u00f3n Universidad Pontificia Bolivariana<\/li><li>Inspector\u00eda Medell\u00edn Comunidad Hijas de Mar\u00eda Auxiliadora<\/li><li>Corporaci\u00f3n Amigos del Parque Explora<\/li><li>Fundaci\u00f3n Proantioquia<\/li><li>Corporaci\u00f3n Educativa Combos Comunidades Educativas de Base<\/li><li>Corporaci\u00f3n Semilla de Esperanzas<\/li><li>Fundaci\u00f3n Ayuda a La Infancia Hogares Bambi Medell\u00edn<\/li><li>Fundaci\u00f3n Beatriz Londo\u00f1o<\/li><li>Fundaci\u00f3n Conciencia Formaci\u00f3n para La Paz<\/li><li>Fundaci\u00f3n de Atenci\u00f3n a La Ni\u00f1ez<\/li><li>Fundaci\u00f3n Educadora Infantil Carla Cristina<\/li><li>Fundaci\u00f3n Las Golondrinas<\/li><li>Fundaci\u00f3n Santa Mar\u00eda Mazzarello<\/li><li>Fundaci\u00f3n Ximena Rico Llano<\/li><li>Instituto de Las Hermanas de Jes\u00fas Redentor<\/li><li>Jard\u00edn Salas Cunas Medell\u00edn Gota de Leche<\/li><li>Ancianato Refugio Santa Ana<\/li><li>Casa de Hermanas Ancianas de San Pedro Claver<\/li><li>Hermanitas de Los Pobres<\/li><li>Hogar Santa Teresa Jornet de La Congregaci\u00f3n de Las Hermanitas de Los Ancianos Desamparados<\/li><li>Refugio de Ancianos San Crist\u00f3bal<\/li><li>Compartamos con Colombia<\/li><li>Fundaci\u00f3n Origen<\/li><li>Promotora de Comercio Social<\/li><\/ul>\t\t\t\t\t\t\t\t<\/div>\n\t\t\t\t<\/div>\n\t\t\t\t<\/div>\n\t\t\t\t<\/div>\n\t\t\t\t\t<\/div>\n\t\t\t\t<\/div>\n\t\t\t\t\t<\/div>\n\t\t\t\t<\/div>\n\t\t\t\t<\/div>","protected":false},"excerpt":{"rendered":"<p>Ayudar a Ayudar Apoyamos, mediante recursos financieros y t\u00e9cnicos, a las organizaciones y entidades sociales de Antioquia, que ya tienen un trabajo\u202f enfocado en las diferentes necesidades b\u00e1sicas del ser humano. Esto con la intenci\u00f3n de fortalecerlas y aumentar su capacidad de influencia y desarrollo para el beneficio de la sociedad. Total Entidades 0 Las [&hellip;]<\/p>\n","protected":false},"author":1,"featured_media":0,"parent":0,"menu_order":0,"comment_status":"closed","ping_status":"closed","template":"","meta":{"footnotes":""},"class_list":["post-7901","page","type-page","status-publish","hentry"],"publishpress_future_action":{"enabled":false,"date":"2026-05-05 09:16:35","action":"change-status","newStatus":"draft","terms":[],"taxonomy":"","extraData":[]},"publishpress_future_workflow_manual_trigger":{"enabledWorkflows":[]},"_links":{"self":[{"href":"https:\/\/fraternidadmedellin.org\/en\/wp-json\/wp\/v2\/pages\/7901","targetHints":{"allow":["GET"]}}],"collection":[{"href":"https:\/\/fraternidadmedellin.org\/en\/wp-json\/wp\/v2\/pages"}],"about":[{"href":"https:\/\/fraternidadmedellin.org\/en\/wp-json\/wp\/v2\/types\/page"}],"author":[{"embeddable":true,"href":"https:\/\/fraternidadmedellin.org\/en\/wp-json\/wp\/v2\/users\/1"}],"replies":[{"embeddable":true,"href":"https:\/\/fraternidadmedellin.org\/en\/wp-json\/wp\/v2\/comments?post=7901"}],"version-history":[{"count":85,"href":"https:\/\/fraternidadmedellin.org\/en\/wp-json\/wp\/v2\/pages\/7901\/revisions"}],"predecessor-version":[{"id":9160,"href":"https:\/\/fraternidadmedellin.org\/en\/wp-json\/wp\/v2\/pages\/7901\/revisions\/9160"}],"wp:attachment":[{"href":"https:\/\/fraternidadmedellin.org\/en\/wp-json\/wp\/v2\/media?parent=7901"}],"curies":[{"name":"wp","href":"https:\/\/api.w.org\/{rel}","templated":true}]}}